{"id":32,"date":"2023-03-26T19:25:15","date_gmt":"2023-03-26T19:25:15","guid":{"rendered":"https:\/\/laconchitasupermercado.com\/?page_id=32"},"modified":"2023-04-01T20:51:34","modified_gmt":"2023-04-01T20:51:34","slug":"food","status":"publish","type":"page","link":"https:\/\/laconchitasupermercado.com\/es\/food\/","title":{"rendered":"Nuestra Deliciosa Comida"},"content":{"rendered":"<p>[et_pb_section fb_built=&#8221;1&#8243; _builder_version=&#8221;4.20.2&#8243; _module_preset=&#8221;default&#8221; background_image=&#8221;https:\/\/laconchitasupermercado.com\/wp-content\/uploads\/2023\/03\/mexican-food-white-table-1.webp&#8221; custom_padding=&#8221;232px||232px||true|false&#8221; hover_enabled=&#8221;0&#8243; global_colors_info=&#8221;{}&#8221; custom_padding_last_edited=&#8221;on|phone&#8221; sticky_enabled=&#8221;0&#8243; custom_padding_phone=&#8221;50px||50px||true|false&#8221; custom_padding_tablet=&#8221;232px||232px||true|false&#8221;][et_pb_row custom_padding_last_edited=&#8221;on|phone&#8221; _builder_version=&#8221;4.20.2&#8243; _module_preset=&#8221;default&#8221; background_color=&#8221;rgba(255,255,255,0.85)&#8221; custom_padding=&#8221;50px|100px|50px|100px|true|true&#8221; custom_padding_tablet=&#8221;|50px||50px|true|true&#8221; custom_padding_phone=&#8221;|20px||20px|true|true&#8221; global_colors_info=&#8221;{}&#8221;][et_pb_column type=&#8221;4_4&#8243; _builder_version=&#8221;4.20.2&#8243; _module_preset=&#8221;default&#8221; global_colors_info=&#8221;{}&#8221;][et_pb_text _builder_version=&#8221;4.20.2&#8243; _module_preset=&#8221;default&#8221; text_font=&#8221;Lobster||||||||&#8221; text_text_color=&#8221;#008126&#8243; text_font_size=&#8221;42px&#8221; text_letter_spacing=&#8221;1px&#8221; text_line_height=&#8221;1.2em&#8221; text_orientation=&#8221;center&#8221; global_colors_info=&#8221;{}&#8221;]<\/p>\n<p>Nuestra Deliciosa Comida<\/p>\n<p>[\/et_pb_text][et_pb_text _builder_version=&#8221;4.20.2&#8243; _module_preset=&#8221;9e548db0-cef3-4ef6-b956-3b241bf671b0&#8243; text_font=&#8221;Poppins||||||||&#8221; text_text_color=&#8221;rgba(0,0,0,0.77)&#8221; text_font_size=&#8221;16px&#8221; text_line_height=&#8221;1.8em&#8221; min_height=&#8221;7.4px&#8221; custom_margin=&#8221;||0px|||&#8221; text_font_size_tablet=&#8221;15px&#8221; text_font_size_phone=&#8221;14px&#8221; text_font_size_last_edited=&#8221;on|desktop&#8221; header_font_size_tablet=&#8221;55px&#8221; header_font_size_last_edited=&#8221;off|desktop&#8221; global_colors_info=&#8221;{}&#8221;]<\/p>\n<p style=\"text-align: justify;\"><span>En <strong>La Conchita De Supermercado &amp; Carniceria\u2122<\/strong>Estamos comprometidos en brindar a nuestros clientes una experiencia culinaria excepcional. Nuestro men\u00fa ofrece una deliciosa selecci\u00f3n de aut\u00e9nticos platillos mexicanos elaborados con ingredientes frescos y especias llenas de sabor. Desde nuestros irresistibles tacos hasta nuestros sabrosos burritos, cada bocado es una explosi\u00f3n de sabores que te transportar\u00e1 directamente a M\u00e9xico. Con nuestra acogedora y c\u00e1lida atm\u00f3sfera, te sentir\u00e1s como en casa mientras disfrutas de nuestra exquisita cocina. \u00a1Ven y descubre lo mejor de la comida mexicana en La Conchita hoy mismo!<\/span><\/p>\n<p>[\/et_pb_text][\/et_pb_column][\/et_pb_row][\/et_pb_section]<\/p>","protected":false},"excerpt":{"rendered":"<p>FoodAt La Conchita Supermercado &amp; Carniceria\u2122, we are dedicated to providing our customers with an exceptional culinary experience. Our menu features a delicious selection of authentic Mexican dishes made from only the freshest ingredients and the most flavorful spices. From our mouth-watering tacos to our savory burritos, each bite is a burst of flavor that [&hellip;]<\/p>","protected":false},"author":2,"featured_media":0,"parent":0,"menu_order":0,"comment_status":"closed","ping_status":"closed","template":"","meta":{"_et_pb_use_builder":"on","_et_pb_old_content":"","_et_gb_content_width":"","footnotes":""},"class_list":["post-32","page","type-page","status-publish","hentry"],"_links":{"self":[{"href":"https:\/\/laconchitasupermercado.com\/es\/wp-json\/wp\/v2\/pages\/32","targetHints":{"allow":["GET"]}}],"collection":[{"href":"https:\/\/laconchitasupermercado.com\/es\/wp-json\/wp\/v2\/pages"}],"about":[{"href":"https:\/\/laconchitasupermercado.com\/es\/wp-json\/wp\/v2\/types\/page"}],"author":[{"embeddable":true,"href":"https:\/\/laconchitasupermercado.com\/es\/wp-json\/wp\/v2\/users\/2"}],"replies":[{"embeddable":true,"href":"https:\/\/laconchitasupermercado.com\/es\/wp-json\/wp\/v2\/comments?post=32"}],"version-history":[{"count":6,"href":"https:\/\/laconchitasupermercado.com\/es\/wp-json\/wp\/v2\/pages\/32\/revisions"}],"predecessor-version":[{"id":277,"href":"https:\/\/laconchitasupermercado.com\/es\/wp-json\/wp\/v2\/pages\/32\/revisions\/277"}],"wp:attachment":[{"href":"https:\/\/laconchitasupermercado.com\/es\/wp-json\/wp\/v2\/media?parent=32"}],"curies":[{"name":"wp","href":"https:\/\/api.w.org\/{rel}","templated":true}]}}