{"id":30,"date":"2023-03-26T19:24:50","date_gmt":"2023-03-26T19:24:50","guid":{"rendered":"https:\/\/laconchitasupermercado.com\/?page_id=30"},"modified":"2023-04-01T20:50:38","modified_gmt":"2023-04-01T20:50:38","slug":"laundry","status":"publish","type":"page","link":"https:\/\/laconchitasupermercado.com\/es\/laundry\/","title":{"rendered":"Servicio de lavander\u00eda"},"content":{"rendered":"<p>[et_pb_section fb_built=&#8221;1&#8243; _builder_version=&#8221;4.20.2&#8243; _module_preset=&#8221;default&#8221; background_image=&#8221;https:\/\/laconchitasupermercado.com\/wp-content\/uploads\/2023\/03\/house-husband-with-basket-and-dirty-laundry-washed-2022-11-16-18-05-27-utc.webp&#8221; custom_padding=&#8221;232px||232px||true|false&#8221; hover_enabled=&#8221;0&#8243; global_colors_info=&#8221;{}&#8221; custom_padding_last_edited=&#8221;on|phone&#8221; sticky_enabled=&#8221;0&#8243; custom_padding_phone=&#8221;50px||50px||true|false&#8221; custom_padding_tablet=&#8221;232px||232px||true|false&#8221;][et_pb_row custom_padding_last_edited=&#8221;on|phone&#8221; _builder_version=&#8221;4.20.2&#8243; _module_preset=&#8221;default&#8221; background_color=&#8221;rgba(255,255,255,0.85)&#8221; custom_padding=&#8221;50px|100px|50px|100px|true|true&#8221; custom_padding_tablet=&#8221;|50px||50px|true|true&#8221; custom_padding_phone=&#8221;|20px||20px|true|true&#8221; global_colors_info=&#8221;{}&#8221;][et_pb_column type=&#8221;4_4&#8243; _builder_version=&#8221;4.20.2&#8243; _module_preset=&#8221;default&#8221; global_colors_info=&#8221;{}&#8221;][et_pb_text _builder_version=&#8221;4.20.2&#8243; _module_preset=&#8221;default&#8221; text_font=&#8221;Lobster||||||||&#8221; text_text_color=&#8221;#008126&#8243; text_font_size=&#8221;42px&#8221; text_letter_spacing=&#8221;1px&#8221; text_line_height=&#8221;1.2em&#8221; text_orientation=&#8221;center&#8221; global_colors_info=&#8221;{}&#8221;]<\/p>\n<p>Servicio de lavander\u00eda<\/p>\n<p>[\/et_pb_text][et_pb_text _builder_version=&#8221;4.20.2&#8243; _module_preset=&#8221;9e548db0-cef3-4ef6-b956-3b241bf671b0&#8243; text_font=&#8221;Poppins||||||||&#8221; text_text_color=&#8221;rgba(0,0,0,0.77)&#8221; text_font_size=&#8221;16px&#8221; text_line_height=&#8221;1.8em&#8221; min_height=&#8221;7.4px&#8221; custom_margin=&#8221;||0px|||&#8221; text_font_size_tablet=&#8221;15px&#8221; text_font_size_phone=&#8221;14px&#8221; text_font_size_last_edited=&#8221;on|desktop&#8221; header_font_size_tablet=&#8221;55px&#8221; header_font_size_last_edited=&#8221;off|desktop&#8221; global_colors_info=&#8221;{}&#8221;]<\/p>\n<p style=\"text-align: justify;\">En <strong>La Conchita De Supermercado &amp; Carniceria\u2122<\/strong>entendemos que lavar la ropa puede ser una tarea desalentadora. Es por eso que ofrecemos un c\u00f3modo y asequible servicio de lavander\u00eda para ayudar a hacer su vida un poco m\u00e1s f\u00e1cil.  Nuestras m\u00e1quinas de \u00faltima generaci\u00f3n est\u00e1n equipadas para manejar todo tipo de telas, desde delicadas sedas hasta mantas pesadas. Nuestro personal amable y experto siempre est\u00e1 disponible para ayudarte con cualquier pregunta o preocupaci\u00f3n que puedas tener. As\u00ed que, ya seas un profesional ocupado, un estudiante universitario o una familia que necesita un poco de ayuda extra, te invitamos a venir y experimentar la conveniencia de nuestro servicio de lavander\u00eda. \u00a1Vis\u00edtanos hoy mismo y deja que nos ocupemos de todas tus necesidades de lavander\u00eda!<\/p>\n<p>[\/et_pb_text][\/et_pb_column][\/et_pb_row][\/et_pb_section]<\/p>","protected":false},"excerpt":{"rendered":"<p>LaundryAt La Conchita Supermercado &amp; Carniceria\u2122, we understand that doing laundry can be a daunting task. That&#8217;s why we offer a convenient and affordable laundry service to help make your life a little easier. Our state-of-the-art machines are equipped to handle all types of fabrics, from delicate silks to heavy blankets. Our friendly and knowledgeable [&hellip;]<\/p>","protected":false},"author":2,"featured_media":0,"parent":0,"menu_order":0,"comment_status":"closed","ping_status":"closed","template":"","meta":{"_et_pb_use_builder":"on","_et_pb_old_content":"","_et_gb_content_width":"","footnotes":""},"class_list":["post-30","page","type-page","status-publish","hentry"],"_links":{"self":[{"href":"https:\/\/laconchitasupermercado.com\/es\/wp-json\/wp\/v2\/pages\/30","targetHints":{"allow":["GET"]}}],"collection":[{"href":"https:\/\/laconchitasupermercado.com\/es\/wp-json\/wp\/v2\/pages"}],"about":[{"href":"https:\/\/laconchitasupermercado.com\/es\/wp-json\/wp\/v2\/types\/page"}],"author":[{"embeddable":true,"href":"https:\/\/laconchitasupermercado.com\/es\/wp-json\/wp\/v2\/users\/2"}],"replies":[{"embeddable":true,"href":"https:\/\/laconchitasupermercado.com\/es\/wp-json\/wp\/v2\/comments?post=30"}],"version-history":[{"count":7,"href":"https:\/\/laconchitasupermercado.com\/es\/wp-json\/wp\/v2\/pages\/30\/revisions"}],"predecessor-version":[{"id":276,"href":"https:\/\/laconchitasupermercado.com\/es\/wp-json\/wp\/v2\/pages\/30\/revisions\/276"}],"wp:attachment":[{"href":"https:\/\/laconchitasupermercado.com\/es\/wp-json\/wp\/v2\/media?parent=30"}],"curies":[{"name":"wp","href":"https:\/\/api.w.org\/{rel}","templated":true}]}}