{"id":28,"date":"2023-03-26T19:24:22","date_gmt":"2023-03-26T19:24:22","guid":{"rendered":"https:\/\/laconchitasupermercado.com\/?page_id=28"},"modified":"2023-04-01T20:49:36","modified_gmt":"2023-04-01T20:49:36","slug":"bakery","status":"publish","type":"page","link":"https:\/\/laconchitasupermercado.com\/es\/bakery\/","title":{"rendered":"Panader\u00eda"},"content":{"rendered":"<p>[et_pb_section fb_built=&#8221;1&#8243; _builder_version=&#8221;4.20.2&#8243; _module_preset=&#8221;default&#8221; custom_margin=&#8221;0px||0px||false|false&#8221; custom_padding=&#8221;0px||0px||true|false&#8221; global_colors_info=&#8221;{}&#8221;][\/et_pb_section][et_pb_section fb_built=&#8221;1&#8243; _builder_version=&#8221;4.20.2&#8243; _module_preset=&#8221;default&#8221; background_image=&#8221;https:\/\/laconchitasupermercado.com\/wp-content\/uploads\/2023\/03\/bread-and-bakery-2021-08-26-20-10-12-utc.webp&#8221; custom_padding=&#8221;232px||232px||true|false&#8221; hover_enabled=&#8221;0&#8243; global_colors_info=&#8221;{}&#8221; custom_padding_last_edited=&#8221;on|phone&#8221; sticky_enabled=&#8221;0&#8243; custom_padding_phone=&#8221;50px||50px||true|false&#8221; custom_padding_tablet=&#8221;232px||232px||true|false&#8221;][et_pb_row custom_padding_last_edited=&#8221;on|tablet&#8221; _builder_version=&#8221;4.20.2&#8243; _module_preset=&#8221;default&#8221; background_color=&#8221;rgba(255,255,255,0.85)&#8221; custom_padding=&#8221;50px|100px|50px|100px|true|true&#8221; custom_padding_tablet=&#8221;|50px||50px|true|true&#8221; custom_padding_phone=&#8221;50px|20px|50px|20px|true|true&#8221; global_colors_info=&#8221;{}&#8221;][et_pb_column type=&#8221;4_4&#8243; _builder_version=&#8221;4.20.2&#8243; _module_preset=&#8221;default&#8221; global_colors_info=&#8221;{}&#8221;][et_pb_text _builder_version=&#8221;4.20.2&#8243; _module_preset=&#8221;default&#8221; text_font=&#8221;Lobster||||||||&#8221; text_text_color=&#8221;#008126&#8243; text_font_size=&#8221;42px&#8221; text_letter_spacing=&#8221;1px&#8221; text_line_height=&#8221;1.2em&#8221; text_orientation=&#8221;center&#8221; global_colors_info=&#8221;{}&#8221;]<\/p>\n<p>Panader\u00eda<\/p>\n<p>[\/et_pb_text][et_pb_text _builder_version=&#8221;4.20.2&#8243; _module_preset=&#8221;9e548db0-cef3-4ef6-b956-3b241bf671b0&#8243; text_font=&#8221;Poppins||||||||&#8221; text_text_color=&#8221;rgba(0,0,0,0.77)&#8221; text_font_size=&#8221;16px&#8221; text_line_height=&#8221;1.8em&#8221; min_height=&#8221;7.4px&#8221; custom_margin=&#8221;||0px|||&#8221; text_font_size_tablet=&#8221;15px&#8221; text_font_size_phone=&#8221;14px&#8221; text_font_size_last_edited=&#8221;on|desktop&#8221; header_font_size_tablet=&#8221;55px&#8221; header_font_size_last_edited=&#8221;off|desktop&#8221; global_colors_info=&#8221;{}&#8221;]<\/p>\n<p style=\"text-align: justify;\"><span>En La Tapat\u00eda, nuestra panader\u00eda es el coraz\u00f3n de nuestro supermercado. Con el irresistible aroma de pan reci\u00e9n horneado, pasteles dulces y deliciosos bocadillos salados flotando en el aire, te invitamos a que vengas y experimentes el ambiente acogedor y reconfortante de nuestra panader\u00eda. Nuestros habilidosos panaderos utilizan solo los mejores ingredientes para crear una variedad de panes, pasteles y postres que seguramente satisfar\u00e1n tu paladar. \u00bfPor qu\u00e9 no pasar y disfrutar de algunos de nuestros deliciosos productos horneados hoy mismo?<\/span><\/p>\n<p>[\/et_pb_text][\/et_pb_column][\/et_pb_row][\/et_pb_section]<\/p>","protected":false},"excerpt":{"rendered":"<p>BakeryAt La Tapat\u00eda, our bakery is the heart of our supermarket. With the irresistible aroma of freshly baked bread, sweet pastries, and savory treats wafting through the air, we invite you to come and experience the warmth and comfort of our bakery. Our skilled bakers use only the finest ingredients to create a variety of [&hellip;]<\/p>","protected":false},"author":2,"featured_media":0,"parent":0,"menu_order":0,"comment_status":"closed","ping_status":"closed","template":"","meta":{"_et_pb_use_builder":"on","_et_pb_old_content":"","_et_gb_content_width":"","footnotes":""},"class_list":["post-28","page","type-page","status-publish","hentry"],"_links":{"self":[{"href":"https:\/\/laconchitasupermercado.com\/es\/wp-json\/wp\/v2\/pages\/28","targetHints":{"allow":["GET"]}}],"collection":[{"href":"https:\/\/laconchitasupermercado.com\/es\/wp-json\/wp\/v2\/pages"}],"about":[{"href":"https:\/\/laconchitasupermercado.com\/es\/wp-json\/wp\/v2\/types\/page"}],"author":[{"embeddable":true,"href":"https:\/\/laconchitasupermercado.com\/es\/wp-json\/wp\/v2\/users\/2"}],"replies":[{"embeddable":true,"href":"https:\/\/laconchitasupermercado.com\/es\/wp-json\/wp\/v2\/comments?post=28"}],"version-history":[{"count":8,"href":"https:\/\/laconchitasupermercado.com\/es\/wp-json\/wp\/v2\/pages\/28\/revisions"}],"predecessor-version":[{"id":275,"href":"https:\/\/laconchitasupermercado.com\/es\/wp-json\/wp\/v2\/pages\/28\/revisions\/275"}],"wp:attachment":[{"href":"https:\/\/laconchitasupermercado.com\/es\/wp-json\/wp\/v2\/media?parent=28"}],"curies":[{"name":"wp","href":"https:\/\/api.w.org\/{rel}","templated":true}]}}