{"id":19,"date":"2023-03-26T19:14:47","date_gmt":"2023-03-26T19:14:47","guid":{"rendered":"https:\/\/laconchitasupermercado.com\/?page_id=19"},"modified":"2023-03-27T15:42:06","modified_gmt":"2023-03-27T15:42:06","slug":"about-us","status":"publish","type":"page","link":"https:\/\/laconchitasupermercado.com\/es\/about-us\/","title":{"rendered":"Nosotros"},"content":{"rendered":"<p>[et_pb_section fb_built=&#8221;1&#8243; _builder_version=&#8221;4.20.2&#8243; _module_preset=&#8221;default&#8221; background_image=&#8221;https:\/\/laconchitasupermercado.com\/wp-content\/uploads\/2023\/03\/banner.webp&#8221; custom_padding=&#8221;141px||200px||false|false&#8221; global_colors_info=&#8221;{}&#8221;][et_pb_row _builder_version=&#8221;4.20.2&#8243; _module_preset=&#8221;default&#8221; global_colors_info=&#8221;{}&#8221; custom_padding=&#8221;||0px|||&#8221;][et_pb_column type=&#8221;4_4&#8243; _builder_version=&#8221;4.20.2&#8243; _module_preset=&#8221;default&#8221; global_colors_info=&#8221;{}&#8221;][et_pb_text _builder_version=&#8221;4.20.2&#8243; _module_preset=&#8221;default&#8221; text_font=&#8221;Lobster||||||||&#8221; text_text_color=&#8221;#008126&#8243; text_font_size=&#8221;42px&#8221; text_letter_spacing=&#8221;1px&#8221; text_line_height=&#8221;1.2em&#8221; text_orientation=&#8221;center&#8221; global_colors_info=&#8221;{}&#8221;]<\/p>\n<p style=\"text-align: left;\">Nosotros<\/p>\n<p>[\/et_pb_text][\/et_pb_column][\/et_pb_row][et_pb_row column_structure=&#8221;1_2,1_2&#8243; _builder_version=&#8221;4.20.2&#8243; _module_preset=&#8221;default&#8221; global_colors_info=&#8221;{}&#8221;][et_pb_column type=&#8221;1_2&#8243; _builder_version=&#8221;4.20.2&#8243; _module_preset=&#8221;default&#8221; global_colors_info=&#8221;{}&#8221;][et_pb_text _builder_version=&#8221;4.20.2&#8243; _module_preset=&#8221;9e548db0-cef3-4ef6-b956-3b241bf671b0&#8243; text_font=&#8221;Poppins||||||||&#8221; text_text_color=&#8221;rgba(0,0,0,0.77)&#8221; text_font_size=&#8221;16px&#8221; text_line_height=&#8221;1.8em&#8221; min_height=&#8221;7.4px&#8221; custom_margin=&#8221;||0px|||&#8221; hover_enabled=&#8221;0&#8243; text_font_size_tablet=&#8221;15px&#8221; text_font_size_phone=&#8221;14px&#8221; text_font_size_last_edited=&#8221;on|desktop&#8221; header_font_size_tablet=&#8221;55px&#8221; header_font_size_last_edited=&#8221;off|desktop&#8221; global_colors_info=&#8221;{}&#8221; theme_builder_area=&#8221;post_content&#8221; sticky_enabled=&#8221;0&#8243;]<\/p>\n<p style=\"text-align: justify;\">En <strong>La Conchita De Supermercado &amp; Carniceria\u2122<\/strong>Ofrecemos el mejor servicio a toda la comunidad de Frankling Park y sus alrededores. Nuestra misi\u00f3n es servirte como te mereces, ofreciendo solo carnes, comestibles, frutas y verduras de la m\u00e1s alta calidad.<\/p>\n<p style=\"text-align: justify;\">Nos enorgullece ofrecer una amplia variedad de productos cuidadosamente seleccionados para satisfacer las necesidades y preferencias de nuestros clientes. Ya sea que est\u00e9s buscando productos frescos o las carnes m\u00e1s jugosas, lo encontrar\u00e1s en La Conchita De Supermercado &amp; Carnicer\u00eda\u2122. <strong>La Conchita De Supermercado &amp; Carniceria\u2122<\/strong>.<\/p>\n<p style=\"text-align: justify;\">Nuestro compromiso con la excelencia va m\u00e1s all\u00e1 de nuestros productos. Creemos que cada cliente merece atenci\u00f3n personalizada y un servicio excepcional, por eso nuestro amable y experto personal est\u00e1 siempre listo para ayudarte con cualquier pregunta o inquietud que puedas tener.<\/p>\n<p style=\"text-align: justify;\" class=\" translation-block\">Entonces, \u00bfpor qu\u00e9 elegir <strong>La Conchita Supermercado &amp; Carniceria\u2122<\/strong>? Porque somos m\u00e1s que una simple tienda de comestibles, somos una comunidad. Nos apasiona servir a nuestros clientes y ofrecerles la mejor experiencia de compra posible. Ven a visitarnos y descubre por qu\u00e9 <strong>La Conchita Supermercado &amp; Carniceria\u2122<\/strong> es el lugar donde se encuentran la calidad y el servicio.<\/p>\n<p>[\/et_pb_text][\/et_pb_column][et_pb_column type=&#8221;1_2&#8243; _builder_version=&#8221;4.20.2&#8243; _module_preset=&#8221;default&#8221; global_colors_info=&#8221;{}&#8221;][\/et_pb_column][\/et_pb_row][\/et_pb_section]<\/p>","protected":false},"excerpt":{"rendered":"<p>About UsAt La Conchita Supermercado &amp; Carniceria\u2122, we offer the best service to the entire Frankling Park community and its surroundings. Our mission is to serve you as you deserve, providing only the highest quality meats, groceries, fruits, and vegetables. We take pride in offering a wide variety of products, carefully selected to meet the [&hellip;]<\/p>","protected":false},"author":2,"featured_media":0,"parent":0,"menu_order":0,"comment_status":"closed","ping_status":"closed","template":"","meta":{"_et_pb_use_builder":"on","_et_pb_old_content":"","_et_gb_content_width":"","footnotes":""},"class_list":["post-19","page","type-page","status-publish","hentry"],"_links":{"self":[{"href":"https:\/\/laconchitasupermercado.com\/es\/wp-json\/wp\/v2\/pages\/19","targetHints":{"allow":["GET"]}}],"collection":[{"href":"https:\/\/laconchitasupermercado.com\/es\/wp-json\/wp\/v2\/pages"}],"about":[{"href":"https:\/\/laconchitasupermercado.com\/es\/wp-json\/wp\/v2\/types\/page"}],"author":[{"embeddable":true,"href":"https:\/\/laconchitasupermercado.com\/es\/wp-json\/wp\/v2\/users\/2"}],"replies":[{"embeddable":true,"href":"https:\/\/laconchitasupermercado.com\/es\/wp-json\/wp\/v2\/comments?post=19"}],"version-history":[{"count":8,"href":"https:\/\/laconchitasupermercado.com\/es\/wp-json\/wp\/v2\/pages\/19\/revisions"}],"predecessor-version":[{"id":194,"href":"https:\/\/laconchitasupermercado.com\/es\/wp-json\/wp\/v2\/pages\/19\/revisions\/194"}],"wp:attachment":[{"href":"https:\/\/laconchitasupermercado.com\/es\/wp-json\/wp\/v2\/media?parent=19"}],"curies":[{"name":"wp","href":"https:\/\/api.w.org\/{rel}","templated":true}]}}